{"id":2,"date":"2022-01-02T16:58:27","date_gmt":"2022-01-02T19:58:27","guid":{"rendered":"https:\/\/solutionwebsystems.com.br\/?page_id=2"},"modified":"2022-02-27T12:52:50","modified_gmt":"2022-02-27T15:52:50","slug":"pagina-exemplo","status":"publish","type":"page","link":"https:\/\/solutionwebsystems.com.br\/?page_id=2","title":{"rendered":"Sobre a Empresa"},"content":{"rendered":"<style>\/*! elementor - v3.5.5 - 03-02-2022 *\/\n.elementor-widget-image{text-align:center}.elementor-widget-image a{display:inline-block}.elementor-widget-image a img[src$=\".svg\"]{width:48px}.elementor-widget-image img{vertical-align:middle;display:inline-block}<\/style>\t\t\t\t\t\t\t\t\t\t\t\t<img decoding=\"async\" width=\"1024\" height=\"203\" src=\"https:\/\/solutionwebsystems.com.br\/wp-content\/uploads\/2022\/01\/cropped-coding-on-laptop-scaled-1-1024x203.jpg\" alt=\"\" loading=\"lazy\" srcset=\"https:\/\/solutionwebsystems.com.br\/wp-content\/uploads\/2022\/01\/cropped-coding-on-laptop-scaled-1-1024x203.jpg 1024w, https:\/\/solutionwebsystems.com.br\/wp-content\/uploads\/2022\/01\/cropped-coding-on-laptop-scaled-1-300x60.jpg 300w, https:\/\/solutionwebsystems.com.br\/wp-content\/uploads\/2022\/01\/cropped-coding-on-laptop-scaled-1-768x152.jpg 768w, https:\/\/solutionwebsystems.com.br\/wp-content\/uploads\/2022\/01\/cropped-coding-on-laptop-scaled-1-1536x305.jpg 1536w, https:\/\/solutionwebsystems.com.br\/wp-content\/uploads\/2022\/01\/cropped-coding-on-laptop-scaled-1.jpg 2000w\" sizes=\"auto, (max-width: 1024px) 100vw, 1024px\" \/>\t\t\t\t\t\t\t\t\t\t\t\t\t\t\t\n\t\t<p><\/p>\n<p>A Solution Web Systems \u00e9 uma Empresa de desenvolvimento de aplica\u00e7\u00f5es web, que visa proporcionar solu\u00e7\u00f5es pr\u00e1ticas, adequando as necessidades de sua Empresa aos nossos sistemas, de uma forma simplificada e com o melhor custo benef\u00edcio do mercado.<\/p>\n<p>Nossos sistemas s\u00e3o customiz\u00e1veis, para ficar com a identidade da sua Empresa, e tamb\u00e9m fornecemos suporte on-line gratuito!<\/p>\n<p>Atualmente nossa principal atividade \u00e9 auxiliar as empresas no gerenciamento de frotas com nossa aplica\u00e7\u00e3o:<\/p>\n<p><\/p>\n<blockquote class=\"is-layout-flow wp-block-quote-is-layout-flow\">\n<p>Vloot Manager<\/p>\n<\/blockquote>\n<p><\/p>\n<p><\/p>","protected":false},"excerpt":{"rendered":"<p>A Solution Web Systems \u00e9 uma Empresa de desenvolvimento de aplica\u00e7\u00f5es web, que visa proporcionar solu\u00e7\u00f5es pr\u00e1ticas, adequando as necessidades de sua Empresa aos nossos sistemas, de uma forma simplificada e com o melhor custo benef\u00edcio do mercado. Nossos sistemas s\u00e3o customiz\u00e1veis, para ficar com a identidade da sua Empresa, e tamb\u00e9m fornecemos suporte on-line [&hellip;]<\/p>\n","protected":false},"author":1,"featured_media":0,"parent":0,"menu_order":0,"comment_status":"closed","ping_status":"open","template":"","meta":{"_joinchat":[],"footnotes":""},"class_list":["post-2","page","type-page","status-publish","hentry"],"_links":{"self":[{"href":"https:\/\/solutionwebsystems.com.br\/index.php?rest_route=\/wp\/v2\/pages\/2","targetHints":{"allow":["GET"]}}],"collection":[{"href":"https:\/\/solutionwebsystems.com.br\/index.php?rest_route=\/wp\/v2\/pages"}],"about":[{"href":"https:\/\/solutionwebsystems.com.br\/index.php?rest_route=\/wp\/v2\/types\/page"}],"author":[{"embeddable":true,"href":"https:\/\/solutionwebsystems.com.br\/index.php?rest_route=\/wp\/v2\/users\/1"}],"replies":[{"embeddable":true,"href":"https:\/\/solutionwebsystems.com.br\/index.php?rest_route=%2Fwp%2Fv2%2Fcomments&post=2"}],"version-history":[{"count":16,"href":"https:\/\/solutionwebsystems.com.br\/index.php?rest_route=\/wp\/v2\/pages\/2\/revisions"}],"predecessor-version":[{"id":156,"href":"https:\/\/solutionwebsystems.com.br\/index.php?rest_route=\/wp\/v2\/pages\/2\/revisions\/156"}],"wp:attachment":[{"href":"https:\/\/solutionwebsystems.com.br\/index.php?rest_route=%2Fwp%2Fv2%2Fmedia&parent=2"}],"curies":[{"name":"wp","href":"https:\/\/api.w.org\/{rel}","templated":true}]}}